{"id":1237,"date":"2024-01-23T16:31:20","date_gmt":"2024-01-23T16:31:20","guid":{"rendered":"https:\/\/tallerfloral.com.co\/?post_type=product&#038;p=1237"},"modified":"2025-10-23T20:08:06","modified_gmt":"2025-10-23T20:08:06","slug":"bouquet-girasoles-bogota","status":"publish","type":"product","link":"https:\/\/shoppingfloral.com\/?product=bouquet-girasoles-bogota","title":{"rendered":"Bouquet Aurora Dorada"},"content":{"rendered":"<p>Bouquet vibrante de girasoles frescos, envueltos en papel negro satinado con delicados acentos verdes. Un dise\u00f1o luminoso y alegre que transmite energ\u00eda positiva, ideal para regalar en cumplea\u00f1os, agradecimientos o simplemente para iluminar el d\u00eda de alguien especial.<\/p>\n","protected":false},"excerpt":{"rendered":"<p>Descubre el bouquet de girasoles m\u00e1s fresco y brillante de Bogot\u00e1. Aurora Dorada es perfecto para sorprender con alegr\u00eda, elegancia y un toque de naturaleza. Ideal para cumplea\u00f1os, agradecimientos o decoraci\u00f3n.<\/p>\n","protected":false},"featured_media":0,"comment_status":"open","ping_status":"closed","template":"","meta":[],"product_brand":[],"product_cat":[17],"product_tag":[],"class_list":{"0":"post-1237","1":"product","2":"type-product","3":"status-publish","5":"product_cat-ramos-de-flores","7":"first","8":"instock","9":"shipping-taxable","10":"purchasable","11":"product-type-simple"},"yoast_head":"<!-- This site is optimized with the Yoast SEO plugin v27.4 - https:\/\/yoast.com\/product\/yoast-seo-wordpress\/ -->\n<title>Bouquet Aurora Dorada - Shopping Floral<\/title>\n<meta name=\"description\" content=\"Pureza en cada p\u00e9talo. Celebra la elegancia atemporal con nuestro ramo de margaritas blancasDescubre el bouquet de girasoles m\u00e1s fresco y brillante de Bogot\u00e1. Aurora Dorada es perfecto para sorprender con alegr\u00eda, elegancia y un toque de naturaleza. Ideal para cumplea\u00f1os, agradecimientos o decoraci\u00f3n.\" \/>\n<meta name=\"robots\" content=\"index, follow, max-snippet:-1, max-image-preview:large, max-video-preview:-1\" \/>\n<link rel=\"canonical\" href=\"https:\/\/shoppingfloral.com\/?product=bouquet-girasoles-bogota\" \/>\n<meta property=\"og:locale\" content=\"es_ES\" \/>\n<meta property=\"og:type\" content=\"article\" \/>\n<meta property=\"og:title\" content=\"Bouquet Aurora Dorada - Shopping Floral\" \/>\n<meta property=\"og:description\" content=\"Pureza en cada p\u00e9talo. Celebra la elegancia atemporal con nuestro ramo de margaritas blancasDescubre el bouquet de girasoles m\u00e1s fresco y brillante de Bogot\u00e1. Aurora Dorada es perfecto para sorprender con alegr\u00eda, elegancia y un toque de naturaleza. Ideal para cumplea\u00f1os, agradecimientos o decoraci\u00f3n.\" \/>\n<meta property=\"og:url\" content=\"https:\/\/shoppingfloral.com\/?product=bouquet-girasoles-bogota\" \/>\n<meta property=\"og:site_name\" content=\"Shopping Floral\" \/>\n<meta property=\"article:modified_time\" content=\"2025-10-23T20:08:06+00:00\" \/>\n<meta name=\"twitter:card\" content=\"summary_large_image\" \/>\n<meta name=\"twitter:label1\" content=\"Tiempo de lectura\" \/>\n\t<meta name=\"twitter:data1\" content=\"1 minuto\" \/>\n<script type=\"application\/ld+json\" class=\"yoast-schema-graph\">{\"@context\":\"https:\\\/\\\/schema.org\",\"@graph\":[{\"@type\":\"WebPage\",\"@id\":\"https:\\\/\\\/shoppingfloral.com\\\/?product=bouquet-girasoles-bogota\",\"url\":\"https:\\\/\\\/shoppingfloral.com\\\/?product=bouquet-girasoles-bogota\",\"name\":\"Bouquet Aurora Dorada - Shopping Floral\",\"isPartOf\":{\"@id\":\"https:\\\/\\\/shoppingfloral.com\\\/#website\"},\"datePublished\":\"2024-01-23T16:31:20+00:00\",\"dateModified\":\"2025-10-23T20:08:06+00:00\",\"description\":\"Pureza en cada p\u00e9talo. Celebra la elegancia atemporal con nuestro ramo de margaritas blancasDescubre el bouquet de girasoles m\u00e1s fresco y brillante de Bogot\u00e1. Aurora Dorada es perfecto para sorprender con alegr\u00eda, elegancia y un toque de naturaleza. Ideal para cumplea\u00f1os, agradecimientos o decoraci\u00f3n.\",\"breadcrumb\":{\"@id\":\"https:\\\/\\\/shoppingfloral.com\\\/?product=bouquet-girasoles-bogota#breadcrumb\"},\"inLanguage\":\"es-CO\",\"potentialAction\":[{\"@type\":\"ReadAction\",\"target\":[\"https:\\\/\\\/shoppingfloral.com\\\/?product=bouquet-girasoles-bogota\"]}]},{\"@type\":\"BreadcrumbList\",\"@id\":\"https:\\\/\\\/shoppingfloral.com\\\/?product=bouquet-girasoles-bogota#breadcrumb\",\"itemListElement\":[{\"@type\":\"ListItem\",\"position\":1,\"name\":\"Inicio\",\"item\":\"https:\\\/\\\/shoppingfloral.com\\\/\"},{\"@type\":\"ListItem\",\"position\":2,\"name\":\"Shop\",\"item\":\"https:\\\/\\\/shoppingfloral.com\\\/?page_id=59\"},{\"@type\":\"ListItem\",\"position\":3,\"name\":\"Bouquet Aurora Dorada\"}]},{\"@type\":\"WebSite\",\"@id\":\"https:\\\/\\\/shoppingfloral.com\\\/#website\",\"url\":\"https:\\\/\\\/shoppingfloral.com\\\/\",\"name\":\"Shopping Floral\",\"description\":\"\",\"publisher\":{\"@id\":\"https:\\\/\\\/shoppingfloral.com\\\/#organization\"},\"potentialAction\":[{\"@type\":\"SearchAction\",\"target\":{\"@type\":\"EntryPoint\",\"urlTemplate\":\"https:\\\/\\\/shoppingfloral.com\\\/?s={search_term_string}\"},\"query-input\":{\"@type\":\"PropertyValueSpecification\",\"valueRequired\":true,\"valueName\":\"search_term_string\"}}],\"inLanguage\":\"es-CO\"},{\"@type\":\"Organization\",\"@id\":\"https:\\\/\\\/shoppingfloral.com\\\/#organization\",\"name\":\"Shopping Floral\",\"url\":\"https:\\\/\\\/shoppingfloral.com\\\/\",\"logo\":{\"@type\":\"ImageObject\",\"inLanguage\":\"es-CO\",\"@id\":\"https:\\\/\\\/shoppingfloral.com\\\/#\\\/schema\\\/logo\\\/image\\\/\",\"url\":\"https:\\\/\\\/shoppingfloral.com\\\/wp-content\\\/uploads\\\/2024\\\/01\\\/logo-taller-floral.jpeg\",\"contentUrl\":\"https:\\\/\\\/shoppingfloral.com\\\/wp-content\\\/uploads\\\/2024\\\/01\\\/logo-taller-floral.jpeg\",\"width\":502,\"height\":550,\"caption\":\"Shopping Floral\"},\"image\":{\"@id\":\"https:\\\/\\\/shoppingfloral.com\\\/#\\\/schema\\\/logo\\\/image\\\/\"}}]}<\/script>\n<!-- \/ Yoast SEO plugin. -->","yoast_head_json":{"title":"Bouquet Aurora Dorada - Shopping Floral","description":"Pureza en cada p\u00e9talo. Celebra la elegancia atemporal con nuestro ramo de margaritas blancasDescubre el bouquet de girasoles m\u00e1s fresco y brillante de Bogot\u00e1. Aurora Dorada es perfecto para sorprender con alegr\u00eda, elegancia y un toque de naturaleza. Ideal para cumplea\u00f1os, agradecimientos o decoraci\u00f3n.","robots":{"index":"index","follow":"follow","max-snippet":"max-snippet:-1","max-image-preview":"max-image-preview:large","max-video-preview":"max-video-preview:-1"},"canonical":"https:\/\/shoppingfloral.com\/?product=bouquet-girasoles-bogota","og_locale":"es_ES","og_type":"article","og_title":"Bouquet Aurora Dorada - Shopping Floral","og_description":"Pureza en cada p\u00e9talo. Celebra la elegancia atemporal con nuestro ramo de margaritas blancasDescubre el bouquet de girasoles m\u00e1s fresco y brillante de Bogot\u00e1. Aurora Dorada es perfecto para sorprender con alegr\u00eda, elegancia y un toque de naturaleza. Ideal para cumplea\u00f1os, agradecimientos o decoraci\u00f3n.","og_url":"https:\/\/shoppingfloral.com\/?product=bouquet-girasoles-bogota","og_site_name":"Shopping Floral","article_modified_time":"2025-10-23T20:08:06+00:00","twitter_card":"summary_large_image","twitter_misc":{"Tiempo de lectura":"1 minuto"},"schema":{"@context":"https:\/\/schema.org","@graph":[{"@type":"WebPage","@id":"https:\/\/shoppingfloral.com\/?product=bouquet-girasoles-bogota","url":"https:\/\/shoppingfloral.com\/?product=bouquet-girasoles-bogota","name":"Bouquet Aurora Dorada - Shopping Floral","isPartOf":{"@id":"https:\/\/shoppingfloral.com\/#website"},"datePublished":"2024-01-23T16:31:20+00:00","dateModified":"2025-10-23T20:08:06+00:00","description":"Pureza en cada p\u00e9talo. Celebra la elegancia atemporal con nuestro ramo de margaritas blancasDescubre el bouquet de girasoles m\u00e1s fresco y brillante de Bogot\u00e1. Aurora Dorada es perfecto para sorprender con alegr\u00eda, elegancia y un toque de naturaleza. Ideal para cumplea\u00f1os, agradecimientos o decoraci\u00f3n.","breadcrumb":{"@id":"https:\/\/shoppingfloral.com\/?product=bouquet-girasoles-bogota#breadcrumb"},"inLanguage":"es-CO","potentialAction":[{"@type":"ReadAction","target":["https:\/\/shoppingfloral.com\/?product=bouquet-girasoles-bogota"]}]},{"@type":"BreadcrumbList","@id":"https:\/\/shoppingfloral.com\/?product=bouquet-girasoles-bogota#breadcrumb","itemListElement":[{"@type":"ListItem","position":1,"name":"Inicio","item":"https:\/\/shoppingfloral.com\/"},{"@type":"ListItem","position":2,"name":"Shop","item":"https:\/\/shoppingfloral.com\/?page_id=59"},{"@type":"ListItem","position":3,"name":"Bouquet Aurora Dorada"}]},{"@type":"WebSite","@id":"https:\/\/shoppingfloral.com\/#website","url":"https:\/\/shoppingfloral.com\/","name":"Shopping Floral","description":"","publisher":{"@id":"https:\/\/shoppingfloral.com\/#organization"},"potentialAction":[{"@type":"SearchAction","target":{"@type":"EntryPoint","urlTemplate":"https:\/\/shoppingfloral.com\/?s={search_term_string}"},"query-input":{"@type":"PropertyValueSpecification","valueRequired":true,"valueName":"search_term_string"}}],"inLanguage":"es-CO"},{"@type":"Organization","@id":"https:\/\/shoppingfloral.com\/#organization","name":"Shopping Floral","url":"https:\/\/shoppingfloral.com\/","logo":{"@type":"ImageObject","inLanguage":"es-CO","@id":"https:\/\/shoppingfloral.com\/#\/schema\/logo\/image\/","url":"https:\/\/shoppingfloral.com\/wp-content\/uploads\/2024\/01\/logo-taller-floral.jpeg","contentUrl":"https:\/\/shoppingfloral.com\/wp-content\/uploads\/2024\/01\/logo-taller-floral.jpeg","width":502,"height":550,"caption":"Shopping Floral"},"image":{"@id":"https:\/\/shoppingfloral.com\/#\/schema\/logo\/image\/"}}]}},"jetpack_sharing_enabled":true,"_links":{"self":[{"href":"https:\/\/shoppingfloral.com\/index.php?rest_route=\/wp\/v2\/product\/1237","targetHints":{"allow":["GET"]}}],"collection":[{"href":"https:\/\/shoppingfloral.com\/index.php?rest_route=\/wp\/v2\/product"}],"about":[{"href":"https:\/\/shoppingfloral.com\/index.php?rest_route=\/wp\/v2\/types\/product"}],"replies":[{"embeddable":true,"href":"https:\/\/shoppingfloral.com\/index.php?rest_route=%2Fwp%2Fv2%2Fcomments&post=1237"}],"wp:attachment":[{"href":"https:\/\/shoppingfloral.com\/index.php?rest_route=%2Fwp%2Fv2%2Fmedia&parent=1237"}],"wp:term":[{"taxonomy":"product_brand","embeddable":true,"href":"https:\/\/shoppingfloral.com\/index.php?rest_route=%2Fwp%2Fv2%2Fproduct_brand&post=1237"},{"taxonomy":"product_cat","embeddable":true,"href":"https:\/\/shoppingfloral.com\/index.php?rest_route=%2Fwp%2Fv2%2Fproduct_cat&post=1237"},{"taxonomy":"product_tag","embeddable":true,"href":"https:\/\/shoppingfloral.com\/index.php?rest_route=%2Fwp%2Fv2%2Fproduct_tag&post=1237"}],"curies":[{"name":"wp","href":"https:\/\/api.w.org\/{rel}","templated":true}]}}