{"id":373,"date":"2022-03-07T17:11:02","date_gmt":"2022-03-07T17:11:02","guid":{"rendered":"https:\/\/startertemplatecloud.com\/sb01\/?post_type=product&#038;p=373"},"modified":"2025-06-20T14:54:44","modified_gmt":"2025-06-20T14:54:44","slug":"caja-corazon-girasoles","status":"publish","type":"product","link":"https:\/\/shoppingfloral.com\/?product=caja-corazon-girasoles","title":{"rendered":"\ud83c\udf3b\ud83d\udda4 Caja Coraz\u00f3n Girasoles"},"content":{"rendered":"<p>Caja en forma de coraz\u00f3n con <strong data-start=\"214\" data-end=\"270\">16 girasoles frescos decorados con gypsophila blanca<\/strong>, acompa\u00f1ados de un mensaje personalizable y detalle sorpresa (licor o accesorio). Un regalo impactante, ideal para expresar amor, admiraci\u00f3n y alegr\u00eda.<br data-start=\"422\" data-end=\"425\" \/>Incluye tarjeta personalizada con tu mensaje.<br data-start=\"470\" data-end=\"473\" \/>\ud83d\udccd Servicio de domicilio disponible dentro de Bogot\u00e1.<\/p>\n<p><iframe style=\"display: none;\"><\/iframe><\/p>\n<p><iframe style=\"display: none;\"><\/iframe><\/p>\n","protected":false},"excerpt":{"rendered":"<p>Caja en forma de coraz\u00f3n con <strong data-start=\"214\" data-end=\"270\">16 girasoles frescos decorados con gypsophila blanca<\/strong>, acompa\u00f1ados de un mensaje personalizable y detalle sorpresa (licor o accesorio). Un regalo impactante, ideal para expresar amor, admiraci\u00f3n y alegr\u00eda.<br data-start=\"422\" data-end=\"425\" \/>Incluye tarjeta personalizada con tu mensaje.<br data-start=\"470\" data-end=\"473\" \/>\ud83d\udccd Servicio de domicilio disponible dentro de Bogot\u00e1.<\/p>\n","protected":false},"featured_media":1545,"comment_status":"open","ping_status":"closed","template":"","meta":[],"product_brand":[],"product_cat":[17],"product_tag":[],"class_list":{"0":"post-373","1":"product","2":"type-product","3":"status-publish","4":"has-post-thumbnail","6":"product_cat-ramos-de-flores","8":"first","9":"instock","10":"shipping-taxable","11":"purchasable","12":"product-type-simple"},"yoast_head":"<!-- This site is optimized with the Yoast SEO plugin v27.4 - https:\/\/yoast.com\/product\/yoast-seo-wordpress\/ -->\n<title>\ud83c\udf3b\ud83d\udda4 Caja Coraz\u00f3n Girasoles - Shopping Floral<\/title>\n<meta name=\"description\" content=\"Caja negra en forma de coraz\u00f3n con 16 girasoles frescos y gypsophila. Incluye mensaje y detalle sorpresa. Env\u00edo a domicilio en Bogot\u00e1.\" \/>\n<meta name=\"robots\" content=\"index, follow, max-snippet:-1, max-image-preview:large, max-video-preview:-1\" \/>\n<link rel=\"canonical\" href=\"https:\/\/shoppingfloral.com\/?product=caja-corazon-girasoles\" \/>\n<meta property=\"og:locale\" content=\"es_ES\" \/>\n<meta property=\"og:type\" content=\"article\" \/>\n<meta property=\"og:title\" content=\"\ud83c\udf3b\ud83d\udda4 Caja Coraz\u00f3n Girasoles - Shopping Floral\" \/>\n<meta property=\"og:description\" content=\"Caja negra en forma de coraz\u00f3n con 16 girasoles frescos y gypsophila. Incluye mensaje y detalle sorpresa. Env\u00edo a domicilio en Bogot\u00e1.\" \/>\n<meta property=\"og:url\" content=\"https:\/\/shoppingfloral.com\/?product=caja-corazon-girasoles\" \/>\n<meta property=\"og:site_name\" content=\"Shopping Floral\" \/>\n<meta property=\"article:modified_time\" content=\"2025-06-20T14:54:44+00:00\" \/>\n<meta property=\"og:image\" content=\"https:\/\/shoppingfloral.com\/wp-content\/uploads\/2022\/03\/WhatsApp-Image-2025-06-19-at-5.01.04-PM.jpeg\" \/>\n\t<meta property=\"og:image:width\" content=\"736\" \/>\n\t<meta property=\"og:image:height\" content=\"981\" \/>\n\t<meta property=\"og:image:type\" content=\"image\/jpeg\" \/>\n<meta name=\"twitter:card\" content=\"summary_large_image\" \/>\n<meta name=\"twitter:label1\" content=\"Tiempo de lectura\" \/>\n\t<meta name=\"twitter:data1\" content=\"1 minuto\" \/>\n<script type=\"application\/ld+json\" class=\"yoast-schema-graph\">{\"@context\":\"https:\\\/\\\/schema.org\",\"@graph\":[{\"@type\":\"WebPage\",\"@id\":\"https:\\\/\\\/shoppingfloral.com\\\/?product=caja-corazon-girasoles\",\"url\":\"https:\\\/\\\/shoppingfloral.com\\\/?product=caja-corazon-girasoles\",\"name\":\"\ud83c\udf3b\ud83d\udda4 Caja Coraz\u00f3n Girasoles - Shopping Floral\",\"isPartOf\":{\"@id\":\"https:\\\/\\\/shoppingfloral.com\\\/#website\"},\"primaryImageOfPage\":{\"@id\":\"https:\\\/\\\/shoppingfloral.com\\\/?product=caja-corazon-girasoles#primaryimage\"},\"image\":{\"@id\":\"https:\\\/\\\/shoppingfloral.com\\\/?product=caja-corazon-girasoles#primaryimage\"},\"thumbnailUrl\":\"https:\\\/\\\/shoppingfloral.com\\\/wp-content\\\/uploads\\\/2022\\\/03\\\/WhatsApp-Image-2025-06-19-at-5.01.04-PM.jpeg\",\"datePublished\":\"2022-03-07T17:11:02+00:00\",\"dateModified\":\"2025-06-20T14:54:44+00:00\",\"description\":\"Caja negra en forma de coraz\u00f3n con 16 girasoles frescos y gypsophila. Incluye mensaje y detalle sorpresa. Env\u00edo a domicilio en Bogot\u00e1.\",\"breadcrumb\":{\"@id\":\"https:\\\/\\\/shoppingfloral.com\\\/?product=caja-corazon-girasoles#breadcrumb\"},\"inLanguage\":\"es-CO\",\"potentialAction\":[{\"@type\":\"ReadAction\",\"target\":[\"https:\\\/\\\/shoppingfloral.com\\\/?product=caja-corazon-girasoles\"]}]},{\"@type\":\"ImageObject\",\"inLanguage\":\"es-CO\",\"@id\":\"https:\\\/\\\/shoppingfloral.com\\\/?product=caja-corazon-girasoles#primaryimage\",\"url\":\"https:\\\/\\\/shoppingfloral.com\\\/wp-content\\\/uploads\\\/2022\\\/03\\\/WhatsApp-Image-2025-06-19-at-5.01.04-PM.jpeg\",\"contentUrl\":\"https:\\\/\\\/shoppingfloral.com\\\/wp-content\\\/uploads\\\/2022\\\/03\\\/WhatsApp-Image-2025-06-19-at-5.01.04-PM.jpeg\",\"width\":736,\"height\":981},{\"@type\":\"BreadcrumbList\",\"@id\":\"https:\\\/\\\/shoppingfloral.com\\\/?product=caja-corazon-girasoles#breadcrumb\",\"itemListElement\":[{\"@type\":\"ListItem\",\"position\":1,\"name\":\"Inicio\",\"item\":\"https:\\\/\\\/shoppingfloral.com\\\/\"},{\"@type\":\"ListItem\",\"position\":2,\"name\":\"Shop\",\"item\":\"https:\\\/\\\/shoppingfloral.com\\\/?page_id=59\"},{\"@type\":\"ListItem\",\"position\":3,\"name\":\"\ud83c\udf3b\ud83d\udda4 Caja Coraz\u00f3n Girasoles\"}]},{\"@type\":\"WebSite\",\"@id\":\"https:\\\/\\\/shoppingfloral.com\\\/#website\",\"url\":\"https:\\\/\\\/shoppingfloral.com\\\/\",\"name\":\"Shopping Floral\",\"description\":\"\",\"publisher\":{\"@id\":\"https:\\\/\\\/shoppingfloral.com\\\/#organization\"},\"potentialAction\":[{\"@type\":\"SearchAction\",\"target\":{\"@type\":\"EntryPoint\",\"urlTemplate\":\"https:\\\/\\\/shoppingfloral.com\\\/?s={search_term_string}\"},\"query-input\":{\"@type\":\"PropertyValueSpecification\",\"valueRequired\":true,\"valueName\":\"search_term_string\"}}],\"inLanguage\":\"es-CO\"},{\"@type\":\"Organization\",\"@id\":\"https:\\\/\\\/shoppingfloral.com\\\/#organization\",\"name\":\"Shopping Floral\",\"url\":\"https:\\\/\\\/shoppingfloral.com\\\/\",\"logo\":{\"@type\":\"ImageObject\",\"inLanguage\":\"es-CO\",\"@id\":\"https:\\\/\\\/shoppingfloral.com\\\/#\\\/schema\\\/logo\\\/image\\\/\",\"url\":\"https:\\\/\\\/shoppingfloral.com\\\/wp-content\\\/uploads\\\/2024\\\/01\\\/logo-taller-floral.jpeg\",\"contentUrl\":\"https:\\\/\\\/shoppingfloral.com\\\/wp-content\\\/uploads\\\/2024\\\/01\\\/logo-taller-floral.jpeg\",\"width\":502,\"height\":550,\"caption\":\"Shopping Floral\"},\"image\":{\"@id\":\"https:\\\/\\\/shoppingfloral.com\\\/#\\\/schema\\\/logo\\\/image\\\/\"}}]}<\/script>\n<!-- \/ Yoast SEO plugin. -->","yoast_head_json":{"title":"\ud83c\udf3b\ud83d\udda4 Caja Coraz\u00f3n Girasoles - Shopping Floral","description":"Caja negra en forma de coraz\u00f3n con 16 girasoles frescos y gypsophila. Incluye mensaje y detalle sorpresa. Env\u00edo a domicilio en Bogot\u00e1.","robots":{"index":"index","follow":"follow","max-snippet":"max-snippet:-1","max-image-preview":"max-image-preview:large","max-video-preview":"max-video-preview:-1"},"canonical":"https:\/\/shoppingfloral.com\/?product=caja-corazon-girasoles","og_locale":"es_ES","og_type":"article","og_title":"\ud83c\udf3b\ud83d\udda4 Caja Coraz\u00f3n Girasoles - Shopping Floral","og_description":"Caja negra en forma de coraz\u00f3n con 16 girasoles frescos y gypsophila. Incluye mensaje y detalle sorpresa. Env\u00edo a domicilio en Bogot\u00e1.","og_url":"https:\/\/shoppingfloral.com\/?product=caja-corazon-girasoles","og_site_name":"Shopping Floral","article_modified_time":"2025-06-20T14:54:44+00:00","og_image":[{"width":736,"height":981,"url":"https:\/\/shoppingfloral.com\/wp-content\/uploads\/2022\/03\/WhatsApp-Image-2025-06-19-at-5.01.04-PM.jpeg","type":"image\/jpeg"}],"twitter_card":"summary_large_image","twitter_misc":{"Tiempo de lectura":"1 minuto"},"schema":{"@context":"https:\/\/schema.org","@graph":[{"@type":"WebPage","@id":"https:\/\/shoppingfloral.com\/?product=caja-corazon-girasoles","url":"https:\/\/shoppingfloral.com\/?product=caja-corazon-girasoles","name":"\ud83c\udf3b\ud83d\udda4 Caja Coraz\u00f3n Girasoles - Shopping Floral","isPartOf":{"@id":"https:\/\/shoppingfloral.com\/#website"},"primaryImageOfPage":{"@id":"https:\/\/shoppingfloral.com\/?product=caja-corazon-girasoles#primaryimage"},"image":{"@id":"https:\/\/shoppingfloral.com\/?product=caja-corazon-girasoles#primaryimage"},"thumbnailUrl":"https:\/\/shoppingfloral.com\/wp-content\/uploads\/2022\/03\/WhatsApp-Image-2025-06-19-at-5.01.04-PM.jpeg","datePublished":"2022-03-07T17:11:02+00:00","dateModified":"2025-06-20T14:54:44+00:00","description":"Caja negra en forma de coraz\u00f3n con 16 girasoles frescos y gypsophila. Incluye mensaje y detalle sorpresa. Env\u00edo a domicilio en Bogot\u00e1.","breadcrumb":{"@id":"https:\/\/shoppingfloral.com\/?product=caja-corazon-girasoles#breadcrumb"},"inLanguage":"es-CO","potentialAction":[{"@type":"ReadAction","target":["https:\/\/shoppingfloral.com\/?product=caja-corazon-girasoles"]}]},{"@type":"ImageObject","inLanguage":"es-CO","@id":"https:\/\/shoppingfloral.com\/?product=caja-corazon-girasoles#primaryimage","url":"https:\/\/shoppingfloral.com\/wp-content\/uploads\/2022\/03\/WhatsApp-Image-2025-06-19-at-5.01.04-PM.jpeg","contentUrl":"https:\/\/shoppingfloral.com\/wp-content\/uploads\/2022\/03\/WhatsApp-Image-2025-06-19-at-5.01.04-PM.jpeg","width":736,"height":981},{"@type":"BreadcrumbList","@id":"https:\/\/shoppingfloral.com\/?product=caja-corazon-girasoles#breadcrumb","itemListElement":[{"@type":"ListItem","position":1,"name":"Inicio","item":"https:\/\/shoppingfloral.com\/"},{"@type":"ListItem","position":2,"name":"Shop","item":"https:\/\/shoppingfloral.com\/?page_id=59"},{"@type":"ListItem","position":3,"name":"\ud83c\udf3b\ud83d\udda4 Caja Coraz\u00f3n Girasoles"}]},{"@type":"WebSite","@id":"https:\/\/shoppingfloral.com\/#website","url":"https:\/\/shoppingfloral.com\/","name":"Shopping Floral","description":"","publisher":{"@id":"https:\/\/shoppingfloral.com\/#organization"},"potentialAction":[{"@type":"SearchAction","target":{"@type":"EntryPoint","urlTemplate":"https:\/\/shoppingfloral.com\/?s={search_term_string}"},"query-input":{"@type":"PropertyValueSpecification","valueRequired":true,"valueName":"search_term_string"}}],"inLanguage":"es-CO"},{"@type":"Organization","@id":"https:\/\/shoppingfloral.com\/#organization","name":"Shopping Floral","url":"https:\/\/shoppingfloral.com\/","logo":{"@type":"ImageObject","inLanguage":"es-CO","@id":"https:\/\/shoppingfloral.com\/#\/schema\/logo\/image\/","url":"https:\/\/shoppingfloral.com\/wp-content\/uploads\/2024\/01\/logo-taller-floral.jpeg","contentUrl":"https:\/\/shoppingfloral.com\/wp-content\/uploads\/2024\/01\/logo-taller-floral.jpeg","width":502,"height":550,"caption":"Shopping Floral"},"image":{"@id":"https:\/\/shoppingfloral.com\/#\/schema\/logo\/image\/"}}]}},"jetpack_sharing_enabled":true,"_links":{"self":[{"href":"https:\/\/shoppingfloral.com\/index.php?rest_route=\/wp\/v2\/product\/373","targetHints":{"allow":["GET"]}}],"collection":[{"href":"https:\/\/shoppingfloral.com\/index.php?rest_route=\/wp\/v2\/product"}],"about":[{"href":"https:\/\/shoppingfloral.com\/index.php?rest_route=\/wp\/v2\/types\/product"}],"replies":[{"embeddable":true,"href":"https:\/\/shoppingfloral.com\/index.php?rest_route=%2Fwp%2Fv2%2Fcomments&post=373"}],"wp:featuredmedia":[{"embeddable":true,"href":"https:\/\/shoppingfloral.com\/index.php?rest_route=\/wp\/v2\/media\/1545"}],"wp:attachment":[{"href":"https:\/\/shoppingfloral.com\/index.php?rest_route=%2Fwp%2Fv2%2Fmedia&parent=373"}],"wp:term":[{"taxonomy":"product_brand","embeddable":true,"href":"https:\/\/shoppingfloral.com\/index.php?rest_route=%2Fwp%2Fv2%2Fproduct_brand&post=373"},{"taxonomy":"product_cat","embeddable":true,"href":"https:\/\/shoppingfloral.com\/index.php?rest_route=%2Fwp%2Fv2%2Fproduct_cat&post=373"},{"taxonomy":"product_tag","embeddable":true,"href":"https:\/\/shoppingfloral.com\/index.php?rest_route=%2Fwp%2Fv2%2Fproduct_tag&post=373"}],"curies":[{"name":"wp","href":"https:\/\/api.w.org\/{rel}","templated":true}]}}